{"id":26688,"date":"2021-10-07T15:24:47","date_gmt":"2021-10-07T13:24:47","guid":{"rendered":"https:\/\/christianfournet.com\/?page_id=26688"},"modified":"2021-10-11T10:09:57","modified_gmt":"2021-10-11T08:09:57","slug":"expositions","status":"publish","type":"page","link":"https:\/\/christianfournet.com\/en\/expositions\/","title":{"rendered":"EXHIBITIONS"},"content":{"rendered":"<p>[et_pb_section fb_built=\u00a0\u00bb1&Prime; custom_padding_last_edited=\u00a0\u00bbon|desktop\u00a0\u00bb module_class=\u00a0\u00bbpage-header-2&Prime; _builder_version=\u00a0\u00bb4.9.10&Prime; _module_preset=\u00a0\u00bbdefault\u00a0\u00bb background_image=\u00a0\u00bbhttps:\/\/christianfournet.com\/wp-content\/uploads\/2021\/09\/relais-de-chambord4a.jpg\u00a0\u00bb module_alignment=\u00a0\u00bbcenter\u00a0\u00bb min_height=\u00a0\u00bb60vh\u00a0\u00bb min_height_tablet=\u00a0\u00bb40vh\u00a0\u00bb min_height_phone=\u00a0\u00bb280px\u00a0\u00bb min_height_last_edited=\u00a0\u00bbon|tablet\u00a0\u00bb custom_margin=\u00a0\u00bb3rem|1.5rem||1.5rem|false|true\u00a0\u00bb custom_margin_tablet=\u00a0\u00bb5rem||||false|false\u00a0\u00bb custom_margin_phone=\u00a0\u00bb4rem||||false|false\u00a0\u00bb custom_margin_last_edited=\u00a0\u00bbon|phone\u00a0\u00bb custom_padding=\u00a0\u00bb0rem||0px||false|false\u00a0\u00bb custom_padding_tablet=\u00a0\u00bb0rem||0px||false|false\u00a0\u00bb custom_padding_phone=\u00a0\u00bb\u00a0\u00bb locked=\u00a0\u00bboff\u00a0\u00bb][et_pb_row custom_padding_last_edited=\u00a0\u00bbon|phone\u00a0\u00bb _builder_version=\u00a0\u00bb4.9.10&Prime; _module_preset=\u00a0\u00bbdefault\u00a0\u00bb background_color=\u00a0\u00bb#ffffff\u00a0\u00bb max_width=\u00a0\u00bb399px\u00a0\u00bb custom_padding=\u00a0\u00bb35px|55px|35px|55px|true|true\u00a0\u00bb custom_padding_tablet=\u00a0\u00bb\u00a0\u00bb custom_padding_phone=\u00a0\u00bb1.5rem|1.5rem|1.5rem|1.5rem|true|true\u00a0\u00bb custom_css_main_element=\u00a0\u00bbbackground-color: rgba(0,0,0,.7);||\u00a0\u00bb border_radii=\u00a0\u00bbon|2px|2px|2px|2px\u00a0\u00bb][et_pb_column type=\u00a0\u00bb4_4&Prime; admin_label=\u00a0\u00bbColonne\u00a0\u00bb _builder_version=\u00a0\u00bb4.9.10&Prime; _module_preset=\u00a0\u00bbdefault\u00a0\u00bb][et_pb_text admin_label=\u00a0\u00bbTexte\u00a0\u00bb _builder_version=\u00a0\u00bb4.9.10&Prime; _module_preset=\u00a0\u00bbdefault\u00a0\u00bb text_font=\u00a0\u00bb|||on|||||\u00a0\u00bb text_text_color=\u00a0\u00bb#DED1CD\u00a0\u00bb text_font_size=\u00a0\u00bb15px\u00a0\u00bb text_letter_spacing=\u00a0\u00bb1px\u00a0\u00bb header_font=\u00a0\u00bb|||on|||||\u00a0\u00bb header_text_align=\u00a0\u00bbcenter\u00a0\u00bb header_text_color=\u00a0\u00bb#F6F2EE\u00a0\u00bb custom_padding=\u00a0\u00bb10px|15px|10px|15px|true|true\u00a0\u00bb text_font_size_tablet=\u00a0\u00bb14px\u00a0\u00bb text_font_size_phone=\u00a0\u00bb\u00a0\u00bb text_font_size_last_edited=\u00a0\u00bbon|tablet\u00a0\u00bb header_font_size_tablet=\u00a0\u00bb\u00a0\u00bb header_font_size_phone=\u00a0\u00bb25px\u00a0\u00bb header_font_size_last_edited=\u00a0\u00bbon|phone\u00a0\u00bb border_color_all=\u00a0\u00bb#cccccc\u00a0\u00bb]<\/p>\n<h1 style=\"text-align: center;\">EXHIBITIONS<\/h1>\n<hr style=\"width: 15%; margin-bottom: 1rem;\" \/>\n<p style=\"text-align: center;\">Unique and elegant designs<\/p>\n<p>[\/et_pb_text][\/et_pb_column][\/et_pb_row][\/et_pb_section][et_pb_section fb_built=\u00a0\u00bb1&Prime; fullwidth=\u00a0\u00bbon\u00a0\u00bb _builder_version=\u00a0\u00bb4.9.10&Prime;][et_pb_fullwidth_code admin_label=\u00a0\u00bbJS: This code wraps the title and caption in a container to allow for better positioning. You can leave it here or move to Divi > Theme Options > Integration > Add to head\u00a0\u00bb _builder_version=\u00a0\u00bb4.9.10&Prime;]<script><!-- [et_pb_line_break_holder] -->(function ($) {<!-- [et_pb_line_break_holder] --> $(document).ready(function () {<!-- [et_pb_line_break_holder] --> $(document).bind('ready ajaxComplete', function () {<!-- [et_pb_line_break_holder] --> $(\".ds-masonry-portfolio .et_pb_portfolio_item\").each(function () {<!-- [et_pb_line_break_holder] --> $(this).find(\".et_pb_module_header, .post-meta\").wrapAll('<\/p>\n<div class=\"ds-portfolio-text\"><\/div>\n<p>');<!-- [et_pb_line_break_holder] --> });<!-- [et_pb_line_break_holder] --> });<!-- [et_pb_line_break_holder] --> });<!-- [et_pb_line_break_holder] -->})(jQuery);<!-- [et_pb_line_break_holder] --><\/script><!-- [et_pb_line_break_holder] --><!-- [et_pb_line_break_holder] -->[\/et_pb_fullwidth_code][et_pb_fullwidth_code admin_label=\u00a0\u00bbCSS: You can leave this here or move the code between the style tags to your child theme stylehseet or Divi > Theme Options > General > Custom CSS\u00a0\u00bb _builder_version=\u00a0\u00bb4.9.10&Prime;]<\/p>\n<style><!-- [et_pb_line_break_holder] -->\/*--------------------------------------------------------------*\/<!-- [et_pb_line_break_holder] -->\/*-------Masonry Filterable Portfolio Layout by Divi Soup-------*\/<!-- [et_pb_line_break_holder] -->\/*--------------------------------------------------------------*\/<!-- [et_pb_line_break_holder] --><!-- [et_pb_line_break_holder] --><!-- [et_pb_line_break_holder] -->\/*Hide items until all loaded*\/<!-- [et_pb_line_break_holder] --><!-- [et_pb_line_break_holder] -->.ds-masonry-portfolio .et_pb_portfolio_item {<!-- [et_pb_line_break_holder] --> display: none;<!-- [et_pb_line_break_holder] -->}<!-- [et_pb_line_break_holder] --><!-- [et_pb_line_break_holder] --><!-- [et_pb_line_break_holder] -->\/*Set the number of columns*\/<!-- [et_pb_line_break_holder] --><!-- [et_pb_line_break_holder] -->.ds-masonry-portfolio .et_pb_portfolio_items {<!-- [et_pb_line_break_holder] --> -webkit-columns: 14em; \/*increase em values for less columns, decrease for more columns*\/<!-- [et_pb_line_break_holder] --> columns: 14em; \/*increase em values for less columns, decrease for more columns*\/<!-- [et_pb_line_break_holder] --> -webkit-column-gap: 10px; \/*space between columns*\/<!-- [et_pb_line_break_holder] --> column-gap: 10px; \/*space between columns*\/<!-- [et_pb_line_break_holder] --> width: 100%;<!-- [et_pb_line_break_holder] --> margin-bottom: 30px;<!-- [et_pb_line_break_holder] -->}<!-- [et_pb_line_break_holder] --><!-- [et_pb_line_break_holder] --><!-- [et_pb_line_break_holder] -->\/*Size the items and add spacing*\/<!-- [et_pb_line_break_holder] --><!-- [et_pb_line_break_holder] -->.ds-masonry-portfolio .et_pb_portfolio_item {<!-- [et_pb_line_break_holder] --> width: 100%;<!-- [et_pb_line_break_holder] --> margin: 0;<!-- [et_pb_line_break_holder] --> border-bottom: 10px solid transparent; \/*space between images (should be same value as space between columns)*\/<!-- [et_pb_line_break_holder] --> overflow: hidden;<!-- [et_pb_line_break_holder] --> -webkit-column-break-inside: avoid;<!-- [et_pb_line_break_holder] --> break-inside: avoid-column;<!-- [et_pb_line_break_holder] -->}<!-- [et_pb_line_break_holder] --><!-- [et_pb_line_break_holder] --><!-- [et_pb_line_break_holder] -->\/*Remove title spacing*\/<!-- [et_pb_line_break_holder] --><!-- [et_pb_line_break_holder] -->.ds-masonry-portfolio .et_pb_portfolio_item h2 {<!-- [et_pb_line_break_holder] --> margin-top: 0;<!-- [et_pb_line_break_holder] --> padding-bottom: 0;<!-- [et_pb_line_break_holder] -->}<!-- [et_pb_line_break_holder] --><!-- [et_pb_line_break_holder] --><!-- [et_pb_line_break_holder] -->\/*Style the title and caption hover effect*\/<!-- [et_pb_line_break_holder] --><!-- [et_pb_line_break_holder] -->.ds-masonry-portfolio .ds-portfolio-text {<!-- [et_pb_line_break_holder] --> position: absolute;<!-- [et_pb_line_break_holder] --> top: 0;<!-- [et_pb_line_break_holder] --> width: 100%;<!-- [et_pb_line_break_holder] --> height: 100%;<!-- [et_pb_line_break_holder] --> padding: 20px; \/*padding around title and category*\/<!-- [et_pb_line_break_holder] --> background: rgba(255, 255, 255, .8); \/*overlay colour on hover*\/<!-- [et_pb_line_break_holder] --> opacity: 0;<!-- [et_pb_line_break_holder] --> display: -webkit-box;<!-- [et_pb_line_break_holder] --> display: -ms-flexbox;<!-- [et_pb_line_break_holder] --> display: flex;<!-- [et_pb_line_break_holder] --> -webkit-box-orient: vertical;<!-- [et_pb_line_break_holder] --> -webkit-box-direction: normal;<!-- [et_pb_line_break_holder] --> -ms-flex-direction: column;<!-- [et_pb_line_break_holder] --> flex-direction: column;<!-- [et_pb_line_break_holder] --> -webkit-box-pack: center;<!-- [et_pb_line_break_holder] --> -ms-flex-pack: center;<!-- [et_pb_line_break_holder] --> justify-content: center;<!-- [et_pb_line_break_holder] --> -webkit-transition: all .3s ease;<!-- [et_pb_line_break_holder] --> transition: all .3s ease;<!-- [et_pb_line_break_holder] -->}<!-- [et_pb_line_break_holder] --><!-- [et_pb_line_break_holder] --><!-- [et_pb_line_break_holder] -->\/*Activate hover effect*\/<!-- [et_pb_line_break_holder] --><!-- [et_pb_line_break_holder] -->.ds-masonry-portfolio .et_pb_portfolio_item:hover .ds-portfolio-text {<!-- [et_pb_line_break_holder] --> opacity: 1;<!-- [et_pb_line_break_holder] -->}<!-- [et_pb_line_break_holder] --><!-- [et_pb_line_break_holder] --><!-- [et_pb_line_break_holder] -->\/*Space the filters*\/<!-- [et_pb_line_break_holder] --><!-- [et_pb_line_break_holder] -->.ds-masonry-portfolio .et_pb_portfolio_filters ul {<!-- [et_pb_line_break_holder] --> display: -webkit-box;<!-- [et_pb_line_break_holder] --> display: -ms-flexbox;<!-- [et_pb_line_break_holder] --> display: flex;<!-- [et_pb_line_break_holder] --> -webkit-box-pack: justify;<!-- [et_pb_line_break_holder] --> -ms-flex-pack: justify;<!-- [et_pb_line_break_holder] --> justify-content: space-between;<!-- [et_pb_line_break_holder] --> -ms-flex-wrap: wrap;<!-- [et_pb_line_break_holder] --> flex-wrap: wrap;<!-- [et_pb_line_break_holder] --> width: 100%;<!-- [et_pb_line_break_holder] -->}<!-- [et_pb_line_break_holder] --><!-- [et_pb_line_break_holder] -->.ds-masonry-portfolio .et_pb_portfolio_filters li {<!-- [et_pb_line_break_holder] --> min-width: 20%; \/*adjust percentage based on number of filters*\/<!-- [et_pb_line_break_holder] --> text-align: center;<!-- [et_pb_line_break_holder] -->}<!-- [et_pb_line_break_holder] --><!-- [et_pb_line_break_holder] --><!-- [et_pb_line_break_holder] -->\/*--------------------------------------------------------------*\/<!-- [et_pb_line_break_holder] -->\/*-----End Masonry Filterable Portfolio Layout by Divi Soup-----*\/<!-- [et_pb_line_break_holder] -->\/*--------------------------------------------------------------*\/<!-- [et_pb_line_break_holder] --><\/style>\n<p>[\/et_pb_fullwidth_code][\/et_pb_section][et_pb_section fb_built=\u00a0\u00bb1&Prime; disabled_on=\u00a0\u00bboff|off|off\u00a0\u00bb _builder_version=\u00a0\u00bb3.22&Prime;][et_pb_row _builder_version=\u00a0\u00bb4.9.10&Prime; background_size=\u00a0\u00bbinitial\u00a0\u00bb background_position=\u00a0\u00bbtop_left\u00a0\u00bb background_repeat=\u00a0\u00bbrepeat\u00a0\u00bb width=\u00a0\u00bb90%\u00a0\u00bb max_width=\u00a0\u00bb1280px\u00a0\u00bb animation_style=\u00a0\u00bbfade\u00a0\u00bb animation_duration=\u00a0\u00bb1700ms\u00a0\u00bb][et_pb_column type=\u00a0\u00bb4_4&Prime; _builder_version=\u00a0\u00bb3.25&Prime; custom_padding=\u00a0\u00bb|||\u00a0\u00bb custom_padding__hover=\u00a0\u00bb|||\u00a0\u00bb][et_pb_button button_url=\u00a0\u00bb@ET-DC@eyJkeW5hbWljIjp0cnVlLCJjb250ZW50IjoicG9zdF9saW5rX3VybF9wYWdlIiwic2V0dGluZ3MiOnsicG9zdF9pZCI6IjI2MTIwIn19@\u00a0\u00bb button_text=\u00a0\u00bbRetour aux projets\u00a0\u00bb _builder_version=\u00a0\u00bb4.9.10&Prime; _dynamic_attributes=\u00a0\u00bbbutton_url\u00a0\u00bb _module_preset=\u00a0\u00bbdefault\u00a0\u00bb custom_button=\u00a0\u00bbon\u00a0\u00bb button_text_size=\u00a0\u00bb14px\u00a0\u00bb button_bg_color=\u00a0\u00bbrgba(255,255,255,0)\u00a0\u00bb button_border_width=\u00a0\u00bb0px\u00a0\u00bb button_font=\u00a0\u00bb|||on|||||\u00a0\u00bb button_icon=\u00a0\u00bb%%2%%\u00a0\u00bb button_icon_placement=\u00a0\u00bbleft\u00a0\u00bb hover_enabled=\u00a0\u00bb0&Prime; button_bg_color__hover_enabled=\u00a0\u00bbon|hover\u00a0\u00bb button_bg_color__hover=\u00a0\u00bbrgba(255,255,255,0)\u00a0\u00bb button_bg_enable_color__hover=\u00a0\u00bbon\u00a0\u00bb sticky_enabled=\u00a0\u00bb0&Prime;][\/et_pb_button][et_pb_filterable_portfolio posts_number=\u00a0\u00bb40&Prime; include_categories=\u00a0\u00bb18&Prime; show_categories=\u00a0\u00bboff\u00a0\u00bb disabled_on=\u00a0\u00bboff|off|off\u00a0\u00bb module_id=\u00a0\u00bbhide-filters\u00a0\u00bb module_class=\u00a0\u00bbds-masonry-portfolio\u00a0\u00bb _builder_version=\u00a0\u00bb4.9.10&Prime; title_font=\u00a0\u00bb|||on|||||\u00a0\u00bb title_text_align=\u00a0\u00bbcenter\u00a0\u00bb title_font_size=\u00a0\u00bb15px\u00a0\u00bb filter_font=\u00a0\u00bb|||on|||||\u00a0\u00bb caption_font=\u00a0\u00bb|||on|||||\u00a0\u00bb caption_text_align=\u00a0\u00bbcenter\u00a0\u00bb caption_text_color=\u00a0\u00bb#282828&Prime; child_mix_blend_mode=\u00a0\u00bboverlay\u00a0\u00bb animation_style=\u00a0\u00bbslide\u00a0\u00bb animation_direction=\u00a0\u00bbbottom\u00a0\u00bb animation_duration=\u00a0\u00bb1700ms\u00a0\u00bb border_color_all_image=\u00a0\u00bbRGBA(0,0,0,0)\u00a0\u00bb][\/et_pb_filterable_portfolio][\/et_pb_column][\/et_pb_row][\/et_pb_section]<\/p>","protected":false},"excerpt":{"rendered":"<p>Expositions Des r\u00e9alisations uniques et \u00e9l\u00e9gantes. Retour aux projets ToutExpositions Nu\u00e9e KariKomi E\u0301ventuellement Entrelacs Carre\u0301ment Canope\u0301e BrO\u0302derie<\/p>","protected":false},"author":7,"featured_media":0,"parent":0,"menu_order":0,"comment_status":"closed","ping_status":"closed","template":"","meta":{"_acf_changed":false,"_et_pb_use_builder":"on","_et_pb_old_content":"","_et_gb_content_width":"","footnotes":""},"class_list":["post-26688","page","type-page","status-publish","hentry"],"acf":[],"yoast_head":"<!-- This site is optimized with the Yoast SEO plugin v21.0 - https:\/\/yoast.com\/wordpress\/plugins\/seo\/ -->\n<title>Expositions - Christian FOURNET<\/title>\n<meta name=\"robots\" content=\"index, follow, max-snippet:-1, max-image-preview:large, max-video-preview:-1\" \/>\n<link rel=\"canonical\" href=\"https:\/\/christianfournet.com\/en\/expositions\/\" \/>\n<meta property=\"og:locale\" content=\"en_US\" \/>\n<meta property=\"og:type\" content=\"article\" \/>\n<meta property=\"og:title\" content=\"Expositions - Christian FOURNET\" \/>\n<meta property=\"og:description\" content=\"Expositions Des r\u00e9alisations uniques et \u00e9l\u00e9gantes. Retour aux projets ToutExpositions Nu\u00e9e KariKomi E\u0301ventuellement Entrelacs Carre\u0301ment Canope\u0301e BrO\u0302derie\" \/>\n<meta property=\"og:url\" content=\"https:\/\/christianfournet.com\/en\/expositions\/\" \/>\n<meta property=\"og:site_name\" content=\"Christian FOURNET\" \/>\n<meta property=\"article:modified_time\" content=\"2021-10-11T08:09:57+00:00\" \/>\n<meta name=\"twitter:card\" content=\"summary_large_image\" \/>\n<script type=\"application\/ld+json\" class=\"yoast-schema-graph\">{\"@context\":\"https:\/\/schema.org\",\"@graph\":[{\"@type\":\"WebPage\",\"@id\":\"https:\/\/christianfournet.com\/expositions\/\",\"url\":\"https:\/\/christianfournet.com\/expositions\/\",\"name\":\"Expositions - Christian FOURNET\",\"isPartOf\":{\"@id\":\"https:\/\/christianfournet.com\/#website\"},\"datePublished\":\"2021-10-07T13:24:47+00:00\",\"dateModified\":\"2021-10-11T08:09:57+00:00\",\"breadcrumb\":{\"@id\":\"https:\/\/christianfournet.com\/expositions\/#breadcrumb\"},\"inLanguage\":\"en-US\",\"potentialAction\":[{\"@type\":\"ReadAction\",\"target\":[\"https:\/\/christianfournet.com\/expositions\/\"]}]},{\"@type\":\"BreadcrumbList\",\"@id\":\"https:\/\/christianfournet.com\/expositions\/#breadcrumb\",\"itemListElement\":[{\"@type\":\"ListItem\",\"position\":1,\"name\":\"Home\",\"item\":\"https:\/\/christianfournet.com\/\"},{\"@type\":\"ListItem\",\"position\":2,\"name\":\"Expositions\"}]},{\"@type\":\"WebSite\",\"@id\":\"https:\/\/christianfournet.com\/#website\",\"url\":\"https:\/\/christianfournet.com\/\",\"name\":\"Christian FOURNET\",\"description\":\"Des jardins qui invitent \u00e0 l\u2019\u00e9vasion\",\"potentialAction\":[{\"@type\":\"SearchAction\",\"target\":{\"@type\":\"EntryPoint\",\"urlTemplate\":\"https:\/\/christianfournet.com\/?s={search_term_string}\"},\"query-input\":\"required name=search_term_string\"}],\"inLanguage\":\"en-US\"}]}<\/script>\n<!-- \/ Yoast SEO plugin. -->","yoast_head_json":{"title":"Expositions - Christian FOURNET","robots":{"index":"index","follow":"follow","max-snippet":"max-snippet:-1","max-image-preview":"max-image-preview:large","max-video-preview":"max-video-preview:-1"},"canonical":"https:\/\/christianfournet.com\/en\/expositions\/","og_locale":"en_US","og_type":"article","og_title":"Expositions - Christian FOURNET","og_description":"Expositions Des r\u00e9alisations uniques et \u00e9l\u00e9gantes. Retour aux projets ToutExpositions Nu\u00e9e KariKomi E\u0301ventuellement Entrelacs Carre\u0301ment Canope\u0301e BrO\u0302derie","og_url":"https:\/\/christianfournet.com\/en\/expositions\/","og_site_name":"Christian FOURNET","article_modified_time":"2021-10-11T08:09:57+00:00","twitter_card":"summary_large_image","schema":{"@context":"https:\/\/schema.org","@graph":[{"@type":"WebPage","@id":"https:\/\/christianfournet.com\/expositions\/","url":"https:\/\/christianfournet.com\/expositions\/","name":"Expositions - Christian FOURNET","isPartOf":{"@id":"https:\/\/christianfournet.com\/#website"},"datePublished":"2021-10-07T13:24:47+00:00","dateModified":"2021-10-11T08:09:57+00:00","breadcrumb":{"@id":"https:\/\/christianfournet.com\/expositions\/#breadcrumb"},"inLanguage":"en-US","potentialAction":[{"@type":"ReadAction","target":["https:\/\/christianfournet.com\/expositions\/"]}]},{"@type":"BreadcrumbList","@id":"https:\/\/christianfournet.com\/expositions\/#breadcrumb","itemListElement":[{"@type":"ListItem","position":1,"name":"Home","item":"https:\/\/christianfournet.com\/"},{"@type":"ListItem","position":2,"name":"Expositions"}]},{"@type":"WebSite","@id":"https:\/\/christianfournet.com\/#website","url":"https:\/\/christianfournet.com\/","name":"Christian FOURNET","description":"Des jardins qui invitent \u00e0 l\u2019\u00e9vasion","potentialAction":[{"@type":"SearchAction","target":{"@type":"EntryPoint","urlTemplate":"https:\/\/christianfournet.com\/?s={search_term_string}"},"query-input":"required name=search_term_string"}],"inLanguage":"en-US"}]}},"_links":{"self":[{"href":"https:\/\/christianfournet.com\/en\/wp-json\/wp\/v2\/pages\/26688","targetHints":{"allow":["GET"]}}],"collection":[{"href":"https:\/\/christianfournet.com\/en\/wp-json\/wp\/v2\/pages"}],"about":[{"href":"https:\/\/christianfournet.com\/en\/wp-json\/wp\/v2\/types\/page"}],"author":[{"embeddable":true,"href":"https:\/\/christianfournet.com\/en\/wp-json\/wp\/v2\/users\/7"}],"replies":[{"embeddable":true,"href":"https:\/\/christianfournet.com\/en\/wp-json\/wp\/v2\/comments?post=26688"}],"version-history":[{"count":0,"href":"https:\/\/christianfournet.com\/en\/wp-json\/wp\/v2\/pages\/26688\/revisions"}],"wp:attachment":[{"href":"https:\/\/christianfournet.com\/en\/wp-json\/wp\/v2\/media?parent=26688"}],"curies":[{"name":"wp","href":"https:\/\/api.w.org\/{rel}","templated":true}]}}